{"id":110,"date":"2022-04-17T05:04:37","date_gmt":"2022-04-17T04:04:37","guid":{"rendered":"http:\/\/pensionrychta.cz\/ubytovani\/?page_id=110"},"modified":"2022-04-17T10:24:46","modified_gmt":"2022-04-17T09:24:46","slug":"vizitka-letak","status":"publish","type":"page","link":"http:\/\/pensionrychta.cz\/ubytovani\/kontakt\/vizitka-letak\/","title":{"rendered":"Vizitka, let\u00e1k"},"content":{"rendered":"<p>Pro Va\u0161e pou\u017eit\u00ed, p\u0159ed\u00e1n\u00ed zn\u00e1m\u00fdm, koleg\u016fm, p\u0159\u00e1tel\u016fm si m\u016f\u017eete<br \/>\nvytisknout, ulo\u017eit na V\u00e1\u0161 disk nebo poslat d\u00e1l vizitku a let\u00e1k<br \/>\nna\u0161eho pensionu.<br \/>\nOba dokumenty jsou p\u0159\u00edstupny po kliknut\u00ed ve form\u00e1tu \u201e.pdf\u201c (na<br \/>\nVa\u0161em po\u010d\u00edta\u010di je nutn\u00fd program Adobe Reader).<\/p>\n<p>zde je aktu\u00e1ln\u00ed\u00a0<a href=\"http:\/\/pensionrychta.cz\/ubytovani\/wp-content\/uploads\/let\u00e1k_2018.pdf\">Let\u00e1k\u00a0<\/a><a href=\"http:\/\/pensionrychta.cz\/ubytovani\/letak_2014_a.pdf\" target=\"_blank\"><br \/>\n<\/a><\/p>\n<p>a zde je <a href=\"http:\/\/pensionrychta.cz\/ubytovani\/vizitka.pdf\" target=\"_blank\">VIZITKA<\/a><\/p>\n","protected":false},"excerpt":{"rendered":"<p>Pro Va\u0161e pou\u017eit\u00ed, p\u0159ed\u00e1n\u00ed zn\u00e1m\u00fdm, koleg\u016fm, p\u0159\u00e1tel\u016fm si m\u016f\u017eete vytisknout, ulo\u017eit na V\u00e1\u0161 disk nebo poslat d\u00e1l vizitku a let\u00e1k na\u0161eho pensionu. Oba dokumenty jsou p\u0159\u00edstupny po kliknut\u00ed ve form\u00e1tu \u201e.pdf\u201c (na Va\u0161em po\u010d\u00edta\u010di je nutn\u00fd program Adobe Reader). zde je aktu\u00e1ln\u00ed\u00a0Let\u00e1k\u00a0 a zde je VIZITKA<\/p>\n","protected":false},"author":3,"featured_media":0,"parent":15,"menu_order":0,"comment_status":"closed","ping_status":"open","template":"","meta":{"footnotes":""},"_links":{"self":[{"href":"http:\/\/pensionrychta.cz\/ubytovani\/wp-json\/wp\/v2\/pages\/110"}],"collection":[{"href":"http:\/\/pensionrychta.cz\/ubytovani\/wp-json\/wp\/v2\/pages"}],"about":[{"href":"http:\/\/pensionrychta.cz\/ubytovani\/wp-json\/wp\/v2\/types\/page"}],"author":[{"embeddable":true,"href":"http:\/\/pensionrychta.cz\/ubytovani\/wp-json\/wp\/v2\/users\/3"}],"replies":[{"embeddable":true,"href":"http:\/\/pensionrychta.cz\/ubytovani\/wp-json\/wp\/v2\/comments?post=110"}],"version-history":[{"count":12,"href":"http:\/\/pensionrychta.cz\/ubytovani\/wp-json\/wp\/v2\/pages\/110\/revisions"}],"predecessor-version":[{"id":1289,"href":"http:\/\/pensionrychta.cz\/ubytovani\/wp-json\/wp\/v2\/pages\/110\/revisions\/1289"}],"up":[{"embeddable":true,"href":"http:\/\/pensionrychta.cz\/ubytovani\/wp-json\/wp\/v2\/pages\/15"}],"wp:attachment":[{"href":"http:\/\/pensionrychta.cz\/ubytovani\/wp-json\/wp\/v2\/media?parent=110"}],"curies":[{"name":"wp","href":"https:\/\/api.w.org\/{rel}","templated":true}]}}