{"id":15,"date":"2022-03-21T05:21:17","date_gmt":"2022-03-21T04:21:17","guid":{"rendered":"http:\/\/pensionrychta.cz\/ubytovani\/?page_id=15"},"modified":"2023-05-07T11:32:40","modified_gmt":"2023-05-07T10:32:40","slug":"kontakt","status":"publish","type":"page","link":"http:\/\/pensionrychta.cz\/ubytovani\/kontakt\/","title":{"rendered":"Kontakt"},"content":{"rendered":"<p>Rezervaci pobytu, p\u0159ehled o voln\u00fdch term\u00ednech a dal\u0161\u00ed informace z\u00edsk\u00e1te na v\u0161ech n\u00ed\u017ee uveden\u00fdch kontaktech:<\/p>\n<p>P\u0159i telefonick\u00e9 rezervaci v\u00e1s popros\u00edme o jej\u00ed potvrzen\u00ed posl\u00e1n\u00edm e-mailu.<\/p>\n<p><strong>Internet &#8211; webov\u00e9 str\u00e1nky pensionu:<\/strong><\/p>\n<p>www.pensionrychta.cz<\/p>\n<p><strong>Mobiln\u00ed telefon:<\/strong><\/p>\n<p>605\u00a0346\u00a0176\u00a0\u00a0(denn\u011b 9 &#8211; 17)<\/p>\n<p><strong>E-mailov\u00e1 adresa:<\/strong><\/p>\n<p>info (zavin\u00e1\u010d) pensionrychta.cz: <a href=\"mailto:info@pensionrychta.cz\">info@pensionrychta.cz<\/a><\/p>\n<p><strong>Po\u0161tovn\u00ed adresa:<\/strong><\/p>\n<p>Pension Rychta<br \/>\nHojsova Str\u00e1\u017e 67<br \/>\n340 22\u00a0\u00a0\u017delezn\u00e1 Ruda<\/p>\n<p><strong><a title=\"Nev\u00e1hejte a napi\u0161te n\u00e1m \u2192\" href=\"http:\/\/pensionrychta.cz\/ubytovani\/?page_id=25\">Nev\u00e1hejte a napi\u0161te n\u00e1m \u2192<\/a><\/strong><\/p>\n","protected":false},"excerpt":{"rendered":"<p>Rezervaci pobytu, p\u0159ehled o voln\u00fdch term\u00ednech a dal\u0161\u00ed informace z\u00edsk\u00e1te na v\u0161ech n\u00ed\u017ee uveden\u00fdch kontaktech: P\u0159i telefonick\u00e9 rezervaci v\u00e1s popros\u00edme o jej\u00ed potvrzen\u00ed posl\u00e1n\u00edm e-mailu. Internet &#8211; webov\u00e9 str\u00e1nky pensionu: www.pensionrychta.cz Mobiln\u00ed telefon: 605\u00a0346\u00a0176\u00a0\u00a0(denn\u011b 9 &#8211; 17) E-mailov\u00e1 adresa: info (zavin\u00e1\u010d) pensionrychta.cz: info@pensionrychta.cz Po\u0161tovn\u00ed adresa: Pension Rychta Hojsova Str\u00e1\u017e 67 340 22\u00a0\u00a0\u017delezn\u00e1 Ruda Nev\u00e1hejte a [&hellip;]<\/p>\n","protected":false},"author":3,"featured_media":0,"parent":0,"menu_order":0,"comment_status":"closed","ping_status":"open","template":"","meta":{"footnotes":""},"_links":{"self":[{"href":"http:\/\/pensionrychta.cz\/ubytovani\/wp-json\/wp\/v2\/pages\/15"}],"collection":[{"href":"http:\/\/pensionrychta.cz\/ubytovani\/wp-json\/wp\/v2\/pages"}],"about":[{"href":"http:\/\/pensionrychta.cz\/ubytovani\/wp-json\/wp\/v2\/types\/page"}],"author":[{"embeddable":true,"href":"http:\/\/pensionrychta.cz\/ubytovani\/wp-json\/wp\/v2\/users\/3"}],"replies":[{"embeddable":true,"href":"http:\/\/pensionrychta.cz\/ubytovani\/wp-json\/wp\/v2\/comments?post=15"}],"version-history":[{"count":18,"href":"http:\/\/pensionrychta.cz\/ubytovani\/wp-json\/wp\/v2\/pages\/15\/revisions"}],"predecessor-version":[{"id":1393,"href":"http:\/\/pensionrychta.cz\/ubytovani\/wp-json\/wp\/v2\/pages\/15\/revisions\/1393"}],"wp:attachment":[{"href":"http:\/\/pensionrychta.cz\/ubytovani\/wp-json\/wp\/v2\/media?parent=15"}],"curies":[{"name":"wp","href":"https:\/\/api.w.org\/{rel}","templated":true}]}}