{"id":35,"date":"2026-04-02T16:33:13","date_gmt":"2026-04-02T15:33:13","guid":{"rendered":"http:\/\/pensionrychta.cz\/ubytovani\/?page_id=35"},"modified":"2026-04-02T16:33:13","modified_gmt":"2026-04-02T15:33:13","slug":"stravovani","status":"publish","type":"page","link":"http:\/\/pensionrychta.cz\/ubytovani\/dalsi-informace\/stravovani\/","title":{"rendered":"Stravov\u00e1n\u00ed"},"content":{"rendered":"<p><strong><span style=\"text-decoration: none;\">N\u00e1kup pro vlastn\u00ed va\u0159en\u00ed:<\/span><\/strong><\/p>\n<p><span style=\"text-decoration: underline;\">Hojsova Str\u00e1\u017e<\/span>: sm\u00ed\u0161en\u00fd obchod Star\u00e1 po\u0161ta je otev\u0159en v budov\u011b b\u00fdval\u00e9 po\u0161ty a informa\u010dn\u00edho centra pod kostelem (u barometru) &#8211; na fotce.<\/p>\n<p>B\u011b\u017en\u00fd sortiment potravin, \u010derstv\u00e9 pe\u010divo, zdrav\u00e1 v\u00fd\u017eiva, ob\u010derstven\u00ed na m\u00edst\u011b, k\u00e1va, \u010daj, pol\u00e9vky, rukod\u011bln\u00e9 v\u00fdrobky, \u010depice, pono\u017eky, turistick\u00e1 raz\u00edtka, pohlednice a mnoho dal\u0161\u00edho. Je mo\u017eno objednat pe\u010divo p\u0159edem &#8211; tel. 733 544 104. Otev\u00edrac\u00ed doba: m\u00e1me ji v\u017edy v &#8222;novink\u00e1ch&#8220; , proto\u017ee se ob\u010das m\u011bn\u00ed.<\/p>\n<p><span style=\"text-decoration: underline;\">N\u00fdrsko:<\/span> obchodn\u00ed st\u0159edisko Coop &#8211;\u00a0Konzum u hlavn\u00ed silnice \u2013 kompletn\u00ed sortiment:\u00a0Po-St: 7.00-18.00\u00a0 \u00a0 \u00a0\u010ct, P\u00e1: 7.00-19.00\u00a0\u00a0\u00a0\u00a0 So: 7.00-15.00\u00a0\u00a0\u00a0 \u00a0Ne: 14.00-18.00<\/p>\n<p>V centru m\u011bsta pak dal\u0161\u00ed mo\u017enosti n\u00e1kupu, v\u010detn\u011b &#8222;ve\u010derky&#8220;.<\/p>\n<p><span style=\"text-decoration: underline;\">\u017delezn\u00e1 Ruda:\u00a0<\/span>Coop &#8211; Konzum na adrese 1. m\u00e1je 392 &#8211; p\u011b\u0161\u00ed z\u00f3na: Po-P\u00e1: 7.00-18.00\u00a0 \u00a0 \u00a0So: 7.00-17.00\u00a0\u00a0\u00a0 \u00a0Ne: 7:00-16.00<\/p>\n<p>a dal\u0161\u00ed obchody s r\u016fzn\u00fdm zbo\u017e\u00edm.<\/p>\n<p>(otev\u00edrac\u00ed doby jsou bez z\u00e1ruky)<\/p>\n<p><strong>Sn\u00eddan\u011b v Penzionu Vyhl\u00eddka:<\/strong><\/p>\n<p>Mimo hlavn\u00ed sez\u00f3nu jen o v\u00edkendech, p\u0159es l\u00e9to ka\u017ed\u00fd den.<\/p>\n<p>Objednat je mo\u017eno osobn\u011b na m\u00edst\u011b (den p\u0159edem), mailem na: info@penzion-vyhlidka.cz, nebo telefonicky na \u010d\u00edsle: 376 390 114.<\/p>\n<p><strong>Stravov\u00e1n\u00ed v\u00a0obci:<\/strong><\/p>\n<p><span style=\"text-decoration: underline;\">Penzion R\u00f6sel<\/span> &#8211; cca 350 m nad pensionem po modr\u00e9 zna\u010dce sm\u011brem na parkovi\u0161t\u011b pod Z\u00e1me\u010dkem \u2013 v\u00fdborn\u00e1 dom\u00e1c\u00ed kuchyn\u011b po cel\u00fd den, v\u010detn\u011b specialit (t\u0159eba koleno mus\u00edte objednat dop\u0159edu), ale pozor: va\u0159\u00ed jen do 19:00!<\/p>\n<p><span style=\"text-decoration: underline;\">Penzion Vyhl\u00eddka<\/span> &#8211; 280 metr\u016f po silnici nahoru po prav\u00e9 stran\u011b &#8211; velmi dobr\u00e1 kuchyn\u011b, \u00fatuln\u011b nov\u011b za\u0159\u00edzeno, to\u010den\u00fd Prazdroj, v sez\u00f3n\u011b denn\u011b 11:00 a\u017e 22:00, mimo sez\u00f3nu o v\u00edkendech<\/p>\n<p><strong>Voda:<\/strong><\/p>\n<p>Voda, co n\u00e1m te\u010de z kohoutk\u016f, je z obecn\u00edho vodovodu a poch\u00e1z\u00ed z hlubok\u00e9ho vrtu v \u00fadol\u00ed \u00dahlavy. Je mnohdy kvalitn\u011bj\u0161\u00ed, ne\u017e ta, kterou si voz\u00edte z n\u00ed\u017einy v plastov\u00fdch lahv\u00edch, a hlavn\u011b: je \u010derstv\u00e1.<\/p>\n","protected":false},"excerpt":{"rendered":"<p>N\u00e1kup pro vlastn\u00ed va\u0159en\u00ed: Hojsova Str\u00e1\u017e: sm\u00ed\u0161en\u00fd obchod Star\u00e1 po\u0161ta je otev\u0159en v budov\u011b b\u00fdval\u00e9 po\u0161ty a informa\u010dn\u00edho centra pod kostelem (u barometru) &#8211; na fotce. B\u011b\u017en\u00fd sortiment potravin, \u010derstv\u00e9 pe\u010divo, zdrav\u00e1 v\u00fd\u017eiva, ob\u010derstven\u00ed na m\u00edst\u011b, k\u00e1va, \u010daj, pol\u00e9vky, rukod\u011bln\u00e9 v\u00fdrobky, \u010depice, pono\u017eky, turistick\u00e1 raz\u00edtka, pohlednice a mnoho dal\u0161\u00edho. Je mo\u017eno objednat pe\u010divo p\u0159edem &#8211; [&hellip;]<\/p>\n","protected":false},"author":3,"featured_media":1077,"parent":39,"menu_order":0,"comment_status":"closed","ping_status":"open","template":"","meta":{"footnotes":""},"_links":{"self":[{"href":"http:\/\/pensionrychta.cz\/ubytovani\/wp-json\/wp\/v2\/pages\/35"}],"collection":[{"href":"http:\/\/pensionrychta.cz\/ubytovani\/wp-json\/wp\/v2\/pages"}],"about":[{"href":"http:\/\/pensionrychta.cz\/ubytovani\/wp-json\/wp\/v2\/types\/page"}],"author":[{"embeddable":true,"href":"http:\/\/pensionrychta.cz\/ubytovani\/wp-json\/wp\/v2\/users\/3"}],"replies":[{"embeddable":true,"href":"http:\/\/pensionrychta.cz\/ubytovani\/wp-json\/wp\/v2\/comments?post=35"}],"version-history":[{"count":58,"href":"http:\/\/pensionrychta.cz\/ubytovani\/wp-json\/wp\/v2\/pages\/35\/revisions"}],"predecessor-version":[{"id":1711,"href":"http:\/\/pensionrychta.cz\/ubytovani\/wp-json\/wp\/v2\/pages\/35\/revisions\/1711"}],"up":[{"embeddable":true,"href":"http:\/\/pensionrychta.cz\/ubytovani\/wp-json\/wp\/v2\/pages\/39"}],"wp:featuredmedia":[{"embeddable":true,"href":"http:\/\/pensionrychta.cz\/ubytovani\/wp-json\/wp\/v2\/media\/1077"}],"wp:attachment":[{"href":"http:\/\/pensionrychta.cz\/ubytovani\/wp-json\/wp\/v2\/media?parent=35"}],"curies":[{"name":"wp","href":"https:\/\/api.w.org\/{rel}","templated":true}]}}